{"id":41,"date":"2012-06-16T15:21:51","date_gmt":"2012-06-16T13:21:51","guid":{"rendered":"http:\/\/www.lakalinka.de\/?page_id=41"},"modified":"2015-01-08T15:33:38","modified_gmt":"2015-01-08T13:33:38","slug":"%d0%b7%d0%b4%d1%80%d0%b0%d0%b2%d1%81%d1%82%d0%b2%d1%83%d0%b9%d1%82%d0%b5","status":"publish","type":"page","link":"https:\/\/lakalinka.de\/?page_id=41","title":{"rendered":"Hello! Moin moin! \u0417\u0434\u0440\u0430\u0432\u0441\u0442\u0432\u0443\u0439\u0442\u0435!"},"content":{"rendered":"<p lang=\"ru-RU\" style=\"text-align: left;\"><a href=\"https:\/\/lakalinka.de\/wp-content\/uploads\/2012\/06\/portret21.jpg\"><img loading=\"lazy\" decoding=\"async\" class=\"size-full wp-image-2432 alignleft social-network-dont-share\" style=\"border: 2px solid red;\" src=\"https:\/\/lakalinka.de\/wp-content\/uploads\/2012\/06\/portret21.jpg\" alt=\"portret2\" width=\"172\" height=\"196\" \/><\/a><\/p>\n<p lang=\"ru-RU\" style=\"text-align: left;\">\u0660\u2022\u25cf\u0420\u0443\u0441\u0441\u043a\u0438\u0439\u25cf\u2022\u0660<em>\u00b7 <\/em>\u0417\u0434\u0440\u0430\u0432\u0441\u0442\u0432\u0443\u0439\u0442\u0435!<\/p>\n<p lang=\"ru-RU\" style=\"text-align: left;\">\u0411\u0443\u0434\u0435\u043c \u0437\u043d\u0430\u043a\u043e\u043c\u044b! \u041c\u0435\u043d\u044f \u0437\u043e\u0432\u0443\u0442 \u041e\u043b\u044c\u0433\u0430. \u041b\u044e\u0431\u043b\u044e \u0434\u0435\u043b\u0430\u0442\u044c \u043a\u0440\u0430\u0441\u0438\u0432\u044b\u0435 \u0432\u0435\u0449\u0438, \u0443\u0432\u043b\u0435\u043a\u0430\u044e\u0441\u044c \u0438\u0441\u0442\u043e\u0440\u0438\u0435\u0439 \u0442\u0435\u043a\u0441\u0442\u0438\u043b\u044f \u0438 \u0434\u0435\u043a\u043e\u0440\u0430\u0442\u0438\u0432\u043d\u043e-\u043f\u0440\u0438\u043a\u043b\u0430\u0434\u043d\u043e\u0433\u043e \u0438\u0441\u043a\u0443\u0441\u0441\u0442\u0432\u0430. \u0420\u0443\u043a\u043e\u0434\u0435\u043b\u044c\u043d\u0438\u0447\u0430\u044e \u0441 \u0434\u0435\u0442\u0441\u0442\u0432\u0430, \u0441 \u0442\u0435\u0445 \u043f\u043e\u0440, \u043a\u0430\u043a \u0431\u044b\u043b\u0430 \u043e\u043a\u043e\u043b\u0434\u043e\u0432\u0430\u043d\u0430 \u043f\u0440\u044f\u0436\u0435\u0439 \u0438 \u0432\u044f\u0437\u0430\u043d\u044b\u043c\u0438 \u043f\u0435\u0442\u0435\u043b\u044c\u043a\u0430\u043c\u0438, \u043f\u043e\u043a\u0430 \u0441\u0438\u0434\u0435\u043b\u0430 \u043f\u043e\u0434 \u0431\u0430\u0431\u0443\u0448\u043a\u0438\u043d\u044b\u043c \u0432\u0435\u0440\u0435\u0442\u0435\u043d\u043e\u043c. \u0421 \u0442\u0435\u0445 \u043f\u043e\u0440 \u0441 \u043d\u0438\u0442\u043e\u0447\u043a\u0430\u043c\u0438, \u0442\u0440\u044f\u043f\u043e\u0447\u043a\u0430\u043c\u0438, \u043f\u0443\u0433\u043e\u0432\u043a\u0430\u043c\u0438 \u0438 \u0431\u0443\u0441\u0438\u043d\u0430\u043c\u0438 \u0443\u0436\u0435 \u043d\u0435 \u0440\u0430\u0441\u0441\u0442\u0430\u044e\u0441\u044c. \u041e\u0447\u0435\u043d\u044c \u0441\u0447\u0430\u0441\u0442\u043b\u0438\u0432\u0430, \u0447\u0442\u043e \u0447\u0435\u0440\u0435\u0437 \u0442\u0432\u043e\u0440\u0447\u0435\u0441\u0442\u0432\u043e \u043c\u043e\u0433\u0443 \u043f\u0440\u0438\u043a\u043e\u0441\u043d\u0443\u0442\u044c\u0441\u044f \u043a \u043a\u0440\u0430\u0441\u043e\u0442\u0435 \u0438 \u0432\u044b\u0440\u0430\u0437\u0438\u0442\u044c \u0441\u0435\u0431\u044f. \u041b\u044e\u0431\u043b\u044e \u0432\u044f\u0437\u0430\u0442\u044c \u0438 \u0448\u0438\u0442\u044c \u0430\u043a\u0441\u0435\u0441\u0441\u0443\u0430\u0440\u044b, &#8222;\u0442\u0435\u043f\u043b\u044b\u0435\u00a0\u0443\u043a\u0440\u0430\u0448\u0435\u043d\u0438\u044f&#8220;: \u043c\u0438\u0442\u0435\u043d\u043a\u0438, \u0432\u0430\u0440\u0435\u0436\u043a\u0438, \u0441\u0443\u043c\u043e\u0447\u043a\u0438. \u0417\u0430\u043d\u0438\u043c\u0430\u044e\u0441\u044c \u0432\u044f\u0437\u0430\u043d\u044b\u043c \u0432\u043e\u0439\u043b\u043e\u043a\u043e\u043c.<\/p>\n<p lang=\"ru-RU\" style=\"text-align: left;\">\u0421\u0435\u0439\u0447\u0430\u0441\u00a0\u0440\u0430\u0437\u0440\u0430\u0431\u0430\u0442\u044b\u0432\u0430\u044e \u0430\u0432\u0442\u043e\u0440\u0441\u043a\u0438\u0435 \u043e\u043f\u0438\u0441\u0430\u043d\u0438\u044f \u0434\u043b\u044f \u0432\u044f\u0437\u0430\u043d\u0438\u044f \u0438 \u0432\u044f\u0437\u0430\u043d\u043e\u0433\u043e \u0432\u043e\u0439\u043b\u043e\u043a\u0430. \u0421\u0432\u043e\u0438 \u0434\u0438\u0437\u0430\u0439\u043d\u044b \u044f \u043f\u0443\u0431\u043b\u0438\u043a\u0443\u044e \u0438 \u043f\u0440\u043e\u0434\u0430\u044e \u043d\u0430<a href=\"http:\/\/www.ravelry.com\/designers\/olga-beckmann\" target=\"_blank\"> Ravelry<\/a>.<\/p>\n<p lang=\"ru-RU\" style=\"text-align: left;\">\u041c\u043d\u0435 \u043d\u0440\u0430\u0432\u0438\u0442\u0441\u044f \u0434\u0435\u043b\u0438\u0442\u044c\u0441\u044f \u0441\u0432\u043e\u0438\u043c\u0438 \u0432\u043f\u0435\u0447\u0430\u0442\u043b\u0435\u043d\u0438\u044f\u043c\u0438 \u043e\u00a0\u043f\u0440\u044f\u0436\u0435,\u00a0\u043c\u043e\u0434\u0435\u043b\u044f\u0445, \u043a\u043d\u0438\u0433\u0430\u0445.\u00a0\u041e\u0431\u043e \u0432\u0441\u0435\u043c \u044d\u0442\u043e\u043c, \u0447\u0442\u043e \u043c\u0435\u043d\u044f \u0442\u0430\u043a \u0438\u043d\u0442\u0435\u0440\u0435\u0441\u0443\u0435\u0442, \u044f\u00a0\u043f\u0438\u0448\u0443 \u043d\u0430\u00a0 \u0440\u0443\u0441\u0441\u043a\u043e\u043c \u044f\u0437\u044b\u043a\u0435. \u041e \u0441\u0432\u043e\u0438\u0445 \u043d\u043e\u0432\u044b\u0445 \u0434\u0438\u0437\u0430\u0439\u043d\u0430\u0445\u00a0\u0434\u043e\u043f\u043e\u043b\u043d\u0438\u0442\u0435\u043b\u044c\u043d\u043e \u043d\u0430 \u043d\u0435\u043c\u0435\u0446\u043a\u043e\u043c \u0438 \u0430\u043d\u0433\u043b\u0438\u0439\u0441\u043a\u043e\u043c \u0434\u043b\u044f \u0441\u0432\u043e\u0438\u0445 \u0438\u043d\u043e\u0441\u0442\u0440\u0430\u043d\u043d\u044b\u0445 \u043f\u043e\u043a\u0443\u043f\u0430\u0442\u0435\u043b\u044c\u043d\u0438\u0446 \u0438 \u0447\u0438\u0442\u0430\u0442\u0435\u043b\u0435\u0439.<\/p>\n<p lang=\"ru-RU\" style=\"text-align: left;\">\u0660\u2022\u25cfEnglish\u25cf\u2022\u0660<em>\u00b7<\/em>Hello!<\/p>\n<p lang=\"ru-RU\" style=\"text-align: left;\">I am Olga, I like to write about history, textiles, and material culture. I like to design and make things.\u00a0 My knitting patterns for women\u2019s accessories are available on <a title=\"my Ravelry pattern\" href=\"http:\/\/www.ravelry.com\/patterns\/sources\/lakalinkas-ravelry-patterns\/patterns\">Ravelry<\/a>.<\/p>\n<p lang=\"ru-RU\" style=\"text-align: left;\">\u0660\u2022\u25cfDeutsch\u25cf\u2022\u0660<em>\u00b7<\/em>Moin Moin!<\/p>\n<p lang=\"ru-RU\">Ich bin Olga und wohne mit meinem Mann in Schleswig-Holstein, zwischen Hamburg und D\u00e4nemark. Ich genie\u00dfe das Leben in Norddeutschland, hier ist etwas besonderes f\u00fcr mich. Ich bin nicht hier geboren, ich komme aus Russland, deswegen ist mein Blog auf Russisch. In meiner Heimat habe ich das Stricken und die anderen Handarbeiten gelernt. Meine gestrickten Sachen und mein Strickdesign zeige ich hier unter &#8222;knitting&#8220; und nat\u00fcrlich auf Ravelry.<\/p>\n<p lang=\"ru-RU\">Meine deutsche Strickanleitungen: <a href=\"https:\/\/lakalinka.de\/?p=4061\">alles auf einem Blick.<\/a><\/p>\n","protected":false},"excerpt":{"rendered":"<p>\u0660\u2022\u25cf\u0420\u0443\u0441\u0441\u043a\u0438\u0439\u25cf\u2022\u0660\u00b7 \u0417\u0434\u0440\u0430\u0432\u0441\u0442\u0432\u0443\u0439\u0442\u0435! \u0411\u0443\u0434\u0435\u043c \u0437\u043d\u0430\u043a\u043e\u043c\u044b! \u041c\u0435\u043d\u044f \u0437\u043e\u0432\u0443\u0442 \u041e\u043b\u044c\u0433\u0430. \u041b\u044e\u0431\u043b\u044e \u0434\u0435\u043b\u0430\u0442\u044c \u043a\u0440\u0430\u0441\u0438\u0432\u044b\u0435 \u0432\u0435\u0449\u0438, \u0443\u0432\u043b\u0435\u043a\u0430\u044e\u0441\u044c \u0438\u0441\u0442\u043e\u0440\u0438\u0435\u0439 \u0442\u0435\u043a\u0441\u0442\u0438\u043b\u044f \u0438 \u0434\u0435\u043a\u043e\u0440\u0430\u0442\u0438\u0432\u043d\u043e-\u043f\u0440\u0438\u043a\u043b\u0430\u0434\u043d\u043e\u0433\u043e \u0438\u0441\u043a\u0443\u0441\u0441\u0442\u0432\u0430. \u0420\u0443\u043a\u043e\u0434\u0435\u043b\u044c\u043d\u0438\u0447\u0430\u044e \u0441 \u0434\u0435\u0442\u0441\u0442\u0432\u0430, \u0441 \u0442\u0435\u0445 \u043f\u043e\u0440, \u043a\u0430\u043a \u0431\u044b\u043b\u0430 \u043e\u043a\u043e\u043b\u0434\u043e\u0432\u0430\u043d\u0430 \u043f\u0440\u044f\u0436\u0435\u0439 \u0438 \u0432\u044f\u0437\u0430\u043d\u044b\u043c\u0438 \u043f\u0435\u0442\u0435\u043b\u044c\u043a\u0430\u043c\u0438, \u043f\u043e\u043a\u0430 \u0441\u0438\u0434\u0435\u043b\u0430 \u043f\u043e\u0434 \u0431\u0430\u0431\u0443\u0448\u043a\u0438\u043d\u044b\u043c \u0432\u0435\u0440\u0435\u0442\u0435\u043d\u043e\u043c. \u0421 \u0442\u0435\u0445 \u043f\u043e\u0440 \u0441 \u043d\u0438\u0442\u043e\u0447\u043a\u0430\u043c\u0438, \u0442\u0440\u044f\u043f\u043e\u0447\u043a\u0430\u043c\u0438, \u043f\u0443\u0433\u043e\u0432\u043a\u0430\u043c\u0438 \u0438 \u0431\u0443\u0441\u0438\u043d\u0430\u043c\u0438 \u0443\u0436\u0435 \u043d\u0435 \u0440\u0430\u0441\u0441\u0442\u0430\u044e\u0441\u044c. \u041e\u0447\u0435\u043d\u044c \u0441\u0447\u0430\u0441\u0442\u043b\u0438\u0432\u0430, \u0447\u0442\u043e \u0447\u0435\u0440\u0435\u0437 \u0442\u0432\u043e\u0440\u0447\u0435\u0441\u0442\u0432\u043e \u043c\u043e\u0433\u0443 \u043f\u0440\u0438\u043a\u043e\u0441\u043d\u0443\u0442\u044c\u0441\u044f \u043a &hellip; <a href=\"https:\/\/lakalinka.de\/?page_id=41\" class=\"more-link\"><span class=\"screen-reader-text\">Hello! Moin moin! \u0417\u0434\u0440\u0430\u0432\u0441\u0442\u0432\u0443\u0439\u0442\u0435!<\/span> weiterlesen <span class=\"meta-nav\">&rarr;<\/span><\/a><\/p>\n","protected":false},"author":1,"featured_media":0,"parent":0,"menu_order":0,"comment_status":"closed","ping_status":"closed","template":"","meta":{"footnotes":""},"class_list":["post-41","page","type-page","status-publish","hentry"],"_links":{"self":[{"href":"https:\/\/lakalinka.de\/index.php?rest_route=\/wp\/v2\/pages\/41","targetHints":{"allow":["GET"]}}],"collection":[{"href":"https:\/\/lakalinka.de\/index.php?rest_route=\/wp\/v2\/pages"}],"about":[{"href":"https:\/\/lakalinka.de\/index.php?rest_route=\/wp\/v2\/types\/page"}],"author":[{"embeddable":true,"href":"https:\/\/lakalinka.de\/index.php?rest_route=\/wp\/v2\/users\/1"}],"replies":[{"embeddable":true,"href":"https:\/\/lakalinka.de\/index.php?rest_route=%2Fwp%2Fv2%2Fcomments&post=41"}],"version-history":[{"count":4,"href":"https:\/\/lakalinka.de\/index.php?rest_route=\/wp\/v2\/pages\/41\/revisions"}],"predecessor-version":[{"id":5333,"href":"https:\/\/lakalinka.de\/index.php?rest_route=\/wp\/v2\/pages\/41\/revisions\/5333"}],"wp:attachment":[{"href":"https:\/\/lakalinka.de\/index.php?rest_route=%2Fwp%2Fv2%2Fmedia&parent=41"}],"curies":[{"name":"wp","href":"https:\/\/api.w.org\/{rel}","templated":true}]}}